{"id":168,"date":"2021-11-13T01:01:02","date_gmt":"2021-11-13T00:01:02","guid":{"rendered":"http:\/\/www.akersbergagrav.se\/wordpress\/index.php\/materialis\/"},"modified":"2022-05-29T09:42:21","modified_gmt":"2022-05-29T07:42:21","slug":"materialis","status":"publish","type":"page","link":"https:\/\/www.akersbergagrav.se\/wordpress\/","title":{"rendered":"Front Page"},"content":{"rendered":"<div  id=\"overlappable-8\" style=\"background-color: #f5fafd;\" data-label=\"Overlappable\" data-id=\"overlappable-5-materialis\" data-export-id=\"overlappable-5-materialis\" data-category=\"overlappable\" class=\"overlappable-5-materialis content-section content-section-spacing-large\" data-overlap=\"true\"><div  class=\"gridContainer\"> <div  data-type=\"row\" class=\"row spaced-cols center-sm\"><div  class=\"col-xs-12 col-sm-6 col-md-4 \"> <div  class=\"card mdc-elevation--z3 row-card\"><div  class=\"row\"> <div  class=\"col-xs-12 col-sm-fit icon-col\" data-fixed=\"true\"><i  class=\"color1 icon mdi mdi-worker reverse round big\"><\/i><\/div> <div  class=\"col-xs-12 col-sm\" data-type=\"column\"><h4  class=\"color-black\">Jag hj\u00e4lper dig med<\/h4><p  class=\"\">&nbsp; &nbsp;\u2013 H\u00e4mtar schaktmassor\n<br >&#8211; Levererar schaktmassor gratis om det finns I n\u00e4romr\u00e5det just d\u00e5<br > \n&#8211; Jord\n<br >&#8211; Jordmassor\n<br >&#8211; Grus\n<br >&#8211; Makadam&nbsp;<br >\u2013 Gr\u00e4vning inf\u00f6r planteringar&nbsp;\n<br >\n\u2013 Anl\u00e4ggning av gr\u00e4smatta<br >\u2013 Nedgr\u00e4vning av fiberkablar\n<br >\u2013 Schakt f\u00f6r pool\n<br >\u2013 Uppgr\u00e4vning av h\u00e4ckar, buskar, r\u00f6tter och stubbar<br >\n\u2013 Planering av av tomtyta<br >\n\u2013 F\u00f6rberedelsearbete inf\u00f6r tillbyggnad eller utbyggnad.\n<br >\n\u2013 Lyft med kranbil&nbsp;\n<br >\u2013 700 kg p\u00e5 17 meter\n<br >\u2013 Maskinflytt\n<br >\n<\/p> <\/div> <\/div><\/div> <\/div> <div  class=\"col-xs-12 col-sm-6 col-md-4 \"> <div  class=\"card mdc-elevation--z3 row-card\"> <div  class=\"row\"> <div  class=\"col-xs-12 col-sm-fit icon-col\" data-fixed=\"true\"> <i  class=\"color1 icon mdi mdi-alert-circle reverse round big\"><\/i><\/div> <div  class=\"col-xs-12 col-sm\" data-type=\"column\"><h4  class=\"color-black\">Markarbeten i<\/h4> <p  class=\"\">&nbsp; &nbsp; &nbsp; &nbsp; &nbsp; &nbsp; \u2013 \u00c5kersberga\n<br >\u2013 T\u00e4by\n<br >&nbsp; &nbsp; &nbsp; &nbsp; \u2013 Danderyd\n<br >&nbsp; &nbsp; &nbsp; &nbsp;\u2013 Norrt\u00e4lje\n<br >&nbsp; &nbsp; &nbsp; &nbsp;\u2013 Vaxholm\n<br >&nbsp; &nbsp; &nbsp;\u2013 Liding\u00f6\n<br >&nbsp; &nbsp; &nbsp; &nbsp; &nbsp; &nbsp;\u2013 Vallentuna\n<br >&nbsp; &nbsp; &nbsp; &nbsp; &nbsp; \u2013 Djursholm\n<br >&nbsp; &nbsp; &nbsp; \u2013 Ljuster\u00f6\n<br >\u2013 Kort och gott i hela Roslagen\n<br >\u2014 Tar \u00e4ven jobb fr\u00e5n\n<br >\u2014 Upplands-V\u00e4sby&nbsp;\n<br >\u2014 Sollentuna&nbsp;\n<br >\u2014 Solna\n<br >&nbsp; &nbsp; &nbsp; \u2014 Bromma<\/p><\/div> <\/div><\/div> <\/div> <div  class=\"col-xs-12 col-sm-6 col-md-4\"> <div  class=\"card mdc-elevation--z3 row-card\"><div  class=\"row\"> <div  class=\"col-xs-12 col-sm-fit icon-col\" data-fixed=\"true\"><i  class=\"color1 icon mdi mdi-account-search reverse round big\"><\/i><\/div> <div  class=\"col-xs-12 col-sm\" data-type=\"column\"><h4  class=\"color-black\">Info om maskin och lastbil<\/h4><p  class=\"\">\u2013 Gr\u00e4vmaskinen v\u00e4gen 3 ton\n<br >\u2013 Den tar sig fram p\u00e5 gummilarver\n<br >\u2013 Den \u00e4r 1.6 meter bred\n<br >\u2013 Planerskopa\n<br >\u2013 Kabelskopa\n<br >\u2013 Tj\u00e4lkrok\n<br >\u2013 Tiltrotator med grip<br >\n\n\u2013 Lastbilen&nbsp;\n<br >\n\u2013 Kranskopa 17 meter<\/p> <\/div> <\/div><\/div> <\/div><\/div> <\/div><\/div><div  id=\"about-6\" style=\"background-color: rgb(245, 250, 253); background-image: none;\" data-label=\"About\" data-id=\"about-4\" data-export-id=\"about-4\" data-category=\"about\" class=\"about-4 content-section content-section-spacing-large\"><div  class=\"\"> <div  class=\"row middle-sm text-center\"><div  class=\"col-sm-5 space-bottom-xs content-center-sm\" data-type=\"column\">   <p  class=\"\">Tv\u00e5 bilder som visar f\u00f6re och efter.<br >Ca 200 ton jord som k\u00f6rdes bort fr\u00e5n sl\u00e4nten.<\/p><p  class=\"lead\">Godk\u00e4nd f\u00f6r F-skatt<\/p> <\/div> <div  class=\"col-sm-7 flexbox center-xs middle-xs image-group-2-img padding-top-bottom\"> <img decoding=\"async\"  class=\"img-1 rounded mdc-elevation--z10\" data-size=\"250x200\" src=\"https:\/\/www.akersbergagrav.se\/wordpress\/wp-content\/uploads\/2021\/11\/cropped-cropped-2021-09-04-07.22.17-scaled-1.jpg\"> <img decoding=\"async\"  class=\"img-2 rounded mdc-elevation--z10\" data-size=\"220x170\" src=\"https:\/\/www.akersbergagrav.se\/wordpress\/wp-content\/uploads\/2021\/11\/20211110_091909-scaled.jpg\"><\/div> <\/div><\/div> <\/div>","protected":false},"excerpt":{"rendered":"","protected":false},"author":2,"featured_media":0,"parent":0,"menu_order":0,"comment_status":"closed","ping_status":"closed","template":"page-templates\/homepage.php","meta":{"footnotes":""},"_links":{"self":[{"href":"https:\/\/www.akersbergagrav.se\/wordpress\/index.php\/wp-json\/wp\/v2\/pages\/168"}],"collection":[{"href":"https:\/\/www.akersbergagrav.se\/wordpress\/index.php\/wp-json\/wp\/v2\/pages"}],"about":[{"href":"https:\/\/www.akersbergagrav.se\/wordpress\/index.php\/wp-json\/wp\/v2\/types\/page"}],"author":[{"embeddable":true,"href":"https:\/\/www.akersbergagrav.se\/wordpress\/index.php\/wp-json\/wp\/v2\/users\/2"}],"replies":[{"embeddable":true,"href":"https:\/\/www.akersbergagrav.se\/wordpress\/index.php\/wp-json\/wp\/v2\/comments?post=168"}],"version-history":[{"count":46,"href":"https:\/\/www.akersbergagrav.se\/wordpress\/index.php\/wp-json\/wp\/v2\/pages\/168\/revisions"}],"predecessor-version":[{"id":518,"href":"https:\/\/www.akersbergagrav.se\/wordpress\/index.php\/wp-json\/wp\/v2\/pages\/168\/revisions\/518"}],"wp:attachment":[{"href":"https:\/\/www.akersbergagrav.se\/wordpress\/index.php\/wp-json\/wp\/v2\/media?parent=168"}],"curies":[{"name":"wp","href":"https:\/\/api.w.org\/{rel}","templated":true}]}}